{"id":7084,"date":"2024-05-10T09:17:36","date_gmt":"2024-05-10T07:17:36","guid":{"rendered":"https:\/\/www.tamoza.com\/kontakt\/"},"modified":"2025-07-05T20:18:07","modified_gmt":"2025-07-05T18:18:07","slug":"kontakt","status":"publish","type":"page","link":"https:\/\/www.tamoza.com\/de\/kontakt\/","title":{"rendered":"Kontakt"},"content":{"rendered":"\t\t<div data-elementor-type=\"wp-page\" data-elementor-id=\"7084\" class=\"elementor elementor-7084 elementor-2258\">\n\t\t\t\t<div class=\"elementor-element elementor-element-54f1da2 e-con-full qodef-elementor-content-grid e-flex e-con e-parent\" data-id=\"54f1da2\" data-element_type=\"container\" data-e-type=\"container\">\n\t\t<div class=\"elementor-element elementor-element-440a4d2 e-con-full e-flex e-con e-child\" data-id=\"440a4d2\" data-element_type=\"container\" data-e-type=\"container\">\n\t\t\t\t<div class=\"elementor-element elementor-element-d41bd12 elementor-widget elementor-widget-freightexpress_core_section_title\" data-id=\"d41bd12\" data-element_type=\"widget\" data-e-type=\"widget\" data-widget_type=\"freightexpress_core_section_title.default\">\n\t\t\t\t<div class=\"elementor-widget-container\">\n\t\t\t\t\t<div class=\"qodef-shortcode qodef-m qodef-section-title qodef-alignment--left\">\n    \t\t<h2 class=\"qodef-m-title\" style=\"color: #FFFFFF\">\n\t\t\tKontakt\t<\/h2>\n\t    <p class=\"qodef-m-description\" style=\"color: #FFFFFF\"> F\u00fcr Informationen \u00fcber unsere Dienstleistungen kontaktieren Sie uns bitte \u00fcber dieses Formular.\nWir bem\u00fchen uns, Ihnen so schnell wie m\u00f6glich zu antworten.<\/p>\n    <\/div>\n\t\t\t\t<\/div>\n\t\t\t\t<\/div>\n\t\t\t\t<div class=\"elementor-element elementor-element-1aaf237 elementor-widget elementor-widget-text-editor\" data-id=\"1aaf237\" data-element_type=\"widget\" data-e-type=\"widget\" data-widget_type=\"text-editor.default\">\n\t\t\t\t<div class=\"elementor-widget-container\">\n\t\t\t\t\t\t\t\t\t<p><span style=\"font-size: 17px;\">Telefon<\/span><\/p>\t\t\t\t\t\t\t\t<\/div>\n\t\t\t\t<\/div>\n\t\t\t\t<div class=\"elementor-element elementor-element-f9b8d2c elementor-widget elementor-widget-text-editor\" data-id=\"f9b8d2c\" data-element_type=\"widget\" data-e-type=\"widget\" data-widget_type=\"text-editor.default\">\n\t\t\t\t<div class=\"elementor-widget-container\">\n\t\t\t\t\t\t\t\t\t<h3><a href=\"tel:+381113130942\" target=\"_self\">+381 11 313 09 42  <\/a><\/h3>\t\t\t\t\t\t\t\t<\/div>\n\t\t\t\t<\/div>\n\t\t<div class=\"elementor-element elementor-element-4e4c19b e-con-full e-flex e-con e-child\" data-id=\"4e4c19b\" data-element_type=\"container\" data-e-type=\"container\">\n\t\t<div class=\"elementor-element elementor-element-1ccf922 e-con-full e-flex e-con e-child\" data-id=\"1ccf922\" data-element_type=\"container\" data-e-type=\"container\">\n\t\t\t\t<div class=\"elementor-element elementor-element-be54754 elementor-widget elementor-widget-text-editor\" data-id=\"be54754\" data-element_type=\"widget\" data-e-type=\"widget\" data-widget_type=\"text-editor.default\">\n\t\t\t\t<div class=\"elementor-widget-container\">\n\t\t\t\t\t\t\t\t\t<h6><span style=\"color: #ffffff;\">Zypern<\/span><\/h6>\t\t\t\t\t\t\t\t<\/div>\n\t\t\t\t<\/div>\n\t\t\t\t<div class=\"elementor-element elementor-element-fdbfa29 elementor-widget elementor-widget-text-editor\" data-id=\"fdbfa29\" data-element_type=\"widget\" data-e-type=\"widget\" data-widget_type=\"text-editor.default\">\n\t\t\t\t<div class=\"elementor-widget-container\">\n\t\t\t\t\t\t\t\t\t<a href=\"#\" target=\"_blank\" rel=\"noopener\">Florinisstra\u00dfe 11, City Forum, 7. Stock,\n 1065, Nikosia, Zypern<\/a>\t\t\t\t\t\t\t\t<\/div>\n\t\t\t\t<\/div>\n\t\t\t\t<div class=\"elementor-element elementor-element-f45ca1e elementor-widget elementor-widget-text-editor\" data-id=\"f45ca1e\" data-element_type=\"widget\" data-e-type=\"widget\" data-widget_type=\"text-editor.default\">\n\t\t\t\t<div class=\"elementor-widget-container\">\n\t\t\t\t\t\t\t\t\t<a href=\"Telefon: +35722444845\" target=\"_self\">+357 22 444 845  <\/a>\t\t\t\t\t\t\t\t<\/div>\n\t\t\t\t<\/div>\n\t\t\t\t<div class=\"elementor-element elementor-element-b7173d6 elementor-widget elementor-widget-text-editor\" data-id=\"b7173d6\" data-element_type=\"widget\" data-e-type=\"widget\" data-widget_type=\"text-editor.default\">\n\t\t\t\t<div class=\"elementor-widget-container\">\n\t\t\t\t\t\t\t\t\t<a>Fax: +357 22 350 795<\/a>\t\t\t\t\t\t\t\t<\/div>\n\t\t\t\t<\/div>\n\t\t\t\t<\/div>\n\t\t<div class=\"elementor-element elementor-element-636cf26 e-con-full e-flex e-con e-child\" data-id=\"636cf26\" data-element_type=\"container\" data-e-type=\"container\">\n\t\t\t\t<div class=\"elementor-element elementor-element-c21ca0c elementor-widget elementor-widget-text-editor\" data-id=\"c21ca0c\" data-element_type=\"widget\" data-e-type=\"widget\" data-widget_type=\"text-editor.default\">\n\t\t\t\t<div class=\"elementor-widget-container\">\n\t\t\t\t\t\t\t\t\t<h6><span style=\"color: #ffffff;\">Serbien<\/span><\/h6>\t\t\t\t\t\t\t\t<\/div>\n\t\t\t\t<\/div>\n\t\t\t\t<div class=\"elementor-element elementor-element-6cd5241 elementor-widget elementor-widget-text-editor\" data-id=\"6cd5241\" data-element_type=\"widget\" data-e-type=\"widget\" data-widget_type=\"text-editor.default\">\n\t\t\t\t<div class=\"elementor-widget-container\">\n\t\t\t\t\t\t\t\t\t<a href=\"#\" target=\"_blank\" rel=\"noopener\">Bulevar Mihaila Pupina 10a\/2, 3. Etage, B\u00fcro 6\n 11070 Belgrad\n Serbien  <\/a>\t\t\t\t\t\t\t\t<\/div>\n\t\t\t\t<\/div>\n\t\t\t\t<div class=\"elementor-element elementor-element-4070b67 elementor-widget elementor-widget-text-editor\" data-id=\"4070b67\" data-element_type=\"widget\" data-e-type=\"widget\" data-widget_type=\"text-editor.default\">\n\t\t\t\t<div class=\"elementor-widget-container\">\n\t\t\t\t\t\t\t\t\t<p><a href=\"tel:+381113130942\" target=\"_self\">+381 (0) 11 313 09 42<\/a><br> <a href=\"tel:+381113130944\" target=\"_self\">+381 (0) 11 313 09 44<\/a><br> <a href=\"tel:+381113130949\" target=\"_self\">+381 (0) 11 313 09 49<\/a> <\/p>\t\t\t\t\t\t\t\t<\/div>\n\t\t\t\t<\/div>\n\t\t\t\t<div class=\"elementor-element elementor-element-c059481 elementor-widget elementor-widget-text-editor\" data-id=\"c059481\" data-element_type=\"widget\" data-e-type=\"widget\" data-widget_type=\"text-editor.default\">\n\t\t\t\t<div class=\"elementor-widget-container\">\n\t\t\t\t\t\t\t\t\t<a>Fax: +381 311 86 03<\/a>\t\t\t\t\t\t\t\t<\/div>\n\t\t\t\t<\/div>\n\t\t\t\t<\/div>\n\t\t\t\t<\/div>\n\t\t\t\t<\/div>\n\t\t<div class=\"elementor-element elementor-element-52f40f9 e-con-full e-flex e-con e-child\" data-id=\"52f40f9\" data-element_type=\"container\" data-e-type=\"container\">\n\t\t\t\t<\/div>\n\t\t\t\t<\/div>\n\t\t<div class=\"elementor-element elementor-element-ed25e93 e-con-full e-flex e-con e-parent\" data-id=\"ed25e93\" data-element_type=\"container\" data-e-type=\"container\">\n\t\t\t\t<div class=\"elementor-element elementor-element-08164a7 elementor-widget elementor-widget-freightexpress_core_google_map\" data-id=\"08164a7\" data-element_type=\"widget\" data-e-type=\"widget\" data-widget_type=\"freightexpress_core_google_map.default\">\n\t\t\t\t<div class=\"elementor-widget-container\">\n\t\t\t\t\t<div class=\"qodef-shortcode qodef-m qodef-google-map\">\n\t<div class=\"qodef-m-map\" id=\"qodef-map-id--735\" data-addresses='[\"City Forum, Florinis 11, Nicosia 1065, \u041a\u0438\u043f\u0430\u0440\",\"Bulevar Mihajla Pupina 10a\/2, 11070, Beograd\"]' data-pin=https:\/\/www.tamoza.com\/wp-content\/plugins\/freightexpress-core\/inc\/maps\/assets\/img\/pin.png data-unique-id=735 data-height=600><\/div>\n<\/div>\n\t\t\t\t<\/div>\n\t\t\t\t<\/div>\n\t\t\t\t<\/div>\n\t\t\t\t<\/div>\n\t\t","protected":false},"excerpt":{"rendered":"<p>Kontakt F\u00fcr Informationen \u00fcber unsere Dienstleistungen kontaktieren Sie uns bitte \u00fcber dieses Formular. Wir bem\u00fchen uns, Ihnen so schnell wie m\u00f6glich zu antworten. Telefon +381 11 313 09 42 Zypern Florinisstra\u00dfe 11, City Forum, 7. Stock, 1065, Nikosia, Zypern+357 22 444 845 Fax: +357 22 350 795 Serbien Bulevar Mihaila Pupina 10a\/2, 3. Etage, B\u00fcro [&hellip;]<\/p>\n","protected":false},"author":1,"featured_media":0,"parent":0,"menu_order":5,"comment_status":"closed","ping_status":"closed","template":"page-full-width.php","meta":{"footnotes":""},"class_list":["post-7084","page","type-page","status-publish","hentry"],"_links":{"self":[{"href":"https:\/\/www.tamoza.com\/de\/wp-json\/wp\/v2\/pages\/7084","targetHints":{"allow":["GET"]}}],"collection":[{"href":"https:\/\/www.tamoza.com\/de\/wp-json\/wp\/v2\/pages"}],"about":[{"href":"https:\/\/www.tamoza.com\/de\/wp-json\/wp\/v2\/types\/page"}],"author":[{"embeddable":true,"href":"https:\/\/www.tamoza.com\/de\/wp-json\/wp\/v2\/users\/1"}],"replies":[{"embeddable":true,"href":"https:\/\/www.tamoza.com\/de\/wp-json\/wp\/v2\/comments?post=7084"}],"version-history":[{"count":4,"href":"https:\/\/www.tamoza.com\/de\/wp-json\/wp\/v2\/pages\/7084\/revisions"}],"predecessor-version":[{"id":7098,"href":"https:\/\/www.tamoza.com\/de\/wp-json\/wp\/v2\/pages\/7084\/revisions\/7098"}],"wp:attachment":[{"href":"https:\/\/www.tamoza.com\/de\/wp-json\/wp\/v2\/media?parent=7084"}],"curies":[{"name":"wp","href":"https:\/\/api.w.org\/{rel}","templated":true}]}}