{"id":7078,"date":"2024-04-30T11:33:48","date_gmt":"2024-04-30T09:33:48","guid":{"rendered":"https:\/\/www.tamoza.com\/ueber-uns\/"},"modified":"2026-01-10T20:03:25","modified_gmt":"2026-01-10T19:03:25","slug":"ueber-uns","status":"publish","type":"page","link":"https:\/\/www.tamoza.com\/de\/ueber-uns\/","title":{"rendered":"\u00dcber uns"},"content":{"rendered":"\t\t<div data-elementor-type=\"wp-page\" data-elementor-id=\"7078\" class=\"elementor elementor-7078 elementor-1499\">\n\t\t\t\t<div class=\"elementor-element elementor-element-6c2955b e-con-full e-flex e-con e-parent\" data-id=\"6c2955b\" data-element_type=\"container\" data-e-type=\"container\">\n\t\t\t\t<div class=\"elementor-element elementor-element-ff87aa2 elementor-widget elementor-widget-slider_revolution\" data-id=\"ff87aa2\" data-element_type=\"widget\" data-e-type=\"widget\" data-widget_type=\"slider_revolution.default\">\n\t\t\t\t<div class=\"elementor-widget-container\">\n\t\t\t\t\t\n\t\t<div class=\"wp-block-themepunch-revslider\">\n\t\t\t\t<p class=\"rs-p-wp-fix\"><\/p>\n\t\t\t\t<sr7-module data-alias=\"ueber-uns\" data-id=\"16\" id=\"SR7_16_1\" class=\"rs-ov-hidden\" data-version=\"6.7.31\">\n\t\t\t\t\t<sr7-adjuster><\/sr7-adjuster>\n\t\t\t\t\t<sr7-content>\n\t\t\t\t\t\t<sr7-slide id=\"SR7_16_1-44\" data-key=\"44\">\n\t\t\t\t\t\t\t<sr7-bg id=\"SR7_16_1-44-1\" class=\"sr7-layer\"><noscript><img decoding=\"async\" src=\"https:\/\/www.tamoza.com\/wp-content\/uploads\/2025\/05\/o-nama.jpg\" alt=\"\" title=\"o-nama\"><\/noscript><\/sr7-bg>\n\t\t\t\t\t\t<\/sr7-slide>\n\t\t\t\t\t\t<sr7-slide id=\"SR7_16_1-45\" data-key=\"45\">\n\t\t\t\t\t\t\t<sr7-bg id=\"SR7_16_1-45-1\" class=\"sr7-layer\"><noscript><img decoding=\"async\" src=\"https:\/\/www.tamoza.com\/wp-content\/uploads\/2025\/05\/trgovina-slajd.jpg\" alt=\"\" title=\"trgovina-slajd\"><\/noscript><\/sr7-bg>\n\t\t\t\t\t\t<\/sr7-slide>\n\t\t\t\t\t\t<sr7-slide id=\"SR7_16_1-46\" data-key=\"46\">\n\t\t\t\t\t\t\t<sr7-bg id=\"SR7_16_1-46-1\" class=\"sr7-layer\"><noscript><img decoding=\"async\" src=\"https:\/\/www.tamoza.com\/wp-content\/uploads\/2025\/05\/transport-header.jpg\" alt=\"\" title=\"transport-header\"><\/noscript><\/sr7-bg>\n\t\t\t\t\t\t<\/sr7-slide>\n\t\t\t\t\t\t<sr7-slide id=\"SR7_16_1-47\" data-key=\"47\">\n\t\t\t\t\t\t\t<sr7-bg id=\"SR7_16_1-47-1\" class=\"sr7-layer\"><noscript><img decoding=\"async\" src=\"https:\/\/www.tamoza.com\/wp-content\/uploads\/2025\/05\/skladistenje-header.jpg\" alt=\"\" title=\"skladistenje-header\"><\/noscript><\/sr7-bg>\n\t\t\t\t\t\t<\/sr7-slide>\n\t\t\t\t\t\t<sr7-slide id=\"SR7_16_1-49\" data-key=\"49\">\n\t\t\t\t\t\t<\/sr7-slide>\n\t\t\t\t\t<\/sr7-content>\n\t\t\t\t\t<image_lists style=\"display:none\">\n\t\t\t\t\t\t<img data-src=\"\/\/www.tamoza.com\/wp-content\/uploads\/2025\/05\/o-nama.jpg\" data-libid=\"5897\" data-lib=\"medialibrary\" title=\"o-nama\" width=\"0\" height=\"0\" data-dbsrc=\"Ly93d3cudGFtb3phLmNvbS93cC1jb250ZW50L3VwbG9hZHMvMjAyNS8wNS9vLW5hbWEuanBn\"\/>\n\t\t\t\t\t\t<img data-src=\"\/\/www.tamoza.com\/wp-content\/uploads\/2025\/05\/trgovina-slajd.jpg\" data-libid=\"5896\" data-lib=\"medialibrary\" title=\"trgovina-slajd\" width=\"0\" height=\"0\" data-dbsrc=\"Ly93d3cudGFtb3phLmNvbS93cC1jb250ZW50L3VwbG9hZHMvMjAyNS8wNS90cmdvdmluYS1zbGFqZC5qcGc=\"\/>\n\t\t\t\t\t\t<img data-src=\"\/\/www.tamoza.com\/wp-content\/uploads\/2025\/05\/transport-header.jpg\" data-libid=\"5852\" data-lib=\"medialibrary\" title=\"transport-header\" width=\"0\" height=\"0\" data-dbsrc=\"Ly93d3cudGFtb3phLmNvbS93cC1jb250ZW50L3VwbG9hZHMvMjAyNS8wNS90cmFuc3BvcnQtaGVhZGVyLmpwZw==\"\/>\n\t\t\t\t\t\t<img loading=\"lazy\" data-src=\"\/\/www.tamoza.com\/wp-content\/uploads\/2025\/05\/skladistenje-header.jpg\" data-libid=\"5854\" data-lib=\"medialibrary\" title=\"skladistenje-header\" width=\"0\" height=\"0\" data-dbsrc=\"Ly93d3cudGFtb3phLmNvbS93cC1jb250ZW50L3VwbG9hZHMvMjAyNS8wNS9za2xhZGlzdGVuamUtaGVhZGVyLmpwZw==\"\/>\n\t\t\t\t\t<\/image_lists>\n\t\t\t\t<\/sr7-module>\n\t\t\t\t<script>\n\t\t\t\t\tSR7.PMH ??={}; SR7.PMH[\"SR7_16_1\"] = {cn:100,state:false,fn: function() { if (_tpt!==undefined && _tpt.prepareModuleHeight !== undefined) {  _tpt.prepareModuleHeight({id:\"SR7_16_1\",el:[680,680,480,480,720],type:'standard',shdw:'0',gh:[680,680,480,480,720],gw:[1400,1400,1100,960,680],vpt:['-100px&#039;,&#039;-100px&#039;,&#039;-100px&#039;,&#039;-100px&#039;,&#039;-100px'],size:{fullWidth:false, fullHeight:false},mh:'0',onh:135,onw:0,bg:{color:'{\"orig\":\"transparent\",\"type\":\"solid\",\"string\":\"transparent\"}'}});   SR7.PMH[\"SR7_16_1\"].state=true;} else if(SR7.PMH[\"SR7_16_1\"].cn-->0)\tsetTimeout( SR7.PMH[\"SR7_16_1\"].fn,19);}};SR7.PMH[\"SR7_16_1\" ].fn();\n\t\t\t\t<\/script>\n<\/div>\n\n\t\t\t\t\t\t<\/div>\n\t\t\t\t<\/div>\n\t\t\t\t<\/div>\n\t\t<div class=\"elementor-element elementor-element-dc13b01 e-con-full qodef-elementor-content-grid e-flex e-con e-parent\" data-id=\"dc13b01\" data-element_type=\"container\" data-e-type=\"container\">\n\t\t<div class=\"elementor-element elementor-element-79b4d5c e-con-full e-flex e-con e-child\" data-id=\"79b4d5c\" data-element_type=\"container\" data-e-type=\"container\">\n\t\t\t\t<div class=\"elementor-element elementor-element-ee58fa9 elementor-widget elementor-widget-freightexpress_core_section_title\" data-id=\"ee58fa9\" data-element_type=\"widget\" data-e-type=\"widget\" data-widget_type=\"freightexpress_core_section_title.default\">\n\t\t\t\t<div class=\"elementor-widget-container\">\n\t\t\t\t\t<div class=\"qodef-shortcode qodef-m qodef-section-title qodef-alignment--left\">\n    \t\t<h3 class=\"qodef-m-title\" >\n\t\t\tErfahrung und Zuverl\u00e4ssigkeit<br \/>\t<\/h3>\n\t    <\/div>\n\t\t\t\t<\/div>\n\t\t\t\t<\/div>\n\t\t<div class=\"elementor-element elementor-element-d3c414e e-con-full e-flex e-con e-child\" data-id=\"d3c414e\" data-element_type=\"container\" data-e-type=\"container\">\n\t\t\t\t<div class=\"elementor-element elementor-element-e81e926 elementor-widget-mobile__width-inherit elementor-widget elementor-widget-text-editor\" data-id=\"e81e926\" data-element_type=\"widget\" data-e-type=\"widget\" data-widget_type=\"text-editor.default\">\n\t\t\t\t<div class=\"elementor-widget-container\">\n\t\t\t\t\t\t\t\t\tErfahrung und Zuverl\u00e4ssigkeit.\t\t\t\t\t\t\t\t<\/div>\n\t\t\t\t<\/div>\n\t\t\t\t<div class=\"elementor-element elementor-element-ab49412 elementor-hidden-tablet elementor-hidden-mobile elementor-hidden-desktop elementor-widget elementor-widget-freightexpress_core_single_image\" data-id=\"ab49412\" data-element_type=\"widget\" data-e-type=\"widget\" data-widget_type=\"freightexpress_core_single_image.default\">\n\t\t\t\t<div class=\"elementor-widget-container\">\n\t\t\t\t\t<div class=\"qodef-shortcode qodef-m qodef-single-image qodef-layout--default qodef--retina qodef--has-appear qodef-appear--reveal\"   >\n\t\t\t<div class=\"qodef-m-image\">\n\t\t\t\t\t\t\t\t\t\t\t\t\t\t<img loading=\"lazy\" decoding=\"async\" itemprop=\"image\" src=\"https:\/\/www.tamoza.com\/wp-content\/uploads\/2025\/05\/25tg.png\" width=\"74\" height=\"35\" alt=\"\" \/>\n\t\t\t\t\t\t\t\t\t\t\t\t\t<\/div>\n\t<\/div>\n\t\t\t\t<\/div>\n\t\t\t\t<\/div>\n\t\t\t\t<\/div>\n\t\t\t\t<div class=\"elementor-element elementor-element-8540830 elementor-widget elementor-widget-image\" data-id=\"8540830\" data-element_type=\"widget\" data-e-type=\"widget\" data-widget_type=\"image.default\">\n\t\t\t\t<div class=\"elementor-widget-container\">\n\t\t\t\t\t\t\t\t\t\t\t\t\t\t\t<img loading=\"lazy\" decoding=\"async\" width=\"657\" height=\"60\" src=\"http:\/\/www.tamoza.com\/wp-content\/uploads\/2025\/04\/brod-simbol.png\" class=\"attachment-full size-full wp-image-6977\" alt=\"\" srcset=\"http:\/\/www.tamoza.com\/wp-content\/uploads\/2025\/04\/brod-simbol.png 657w, http:\/\/www.tamoza.com\/wp-content\/uploads\/2025\/04\/brod-simbol-300x27.png 300w, http:\/\/www.tamoza.com\/wp-content\/uploads\/2025\/04\/brod-simbol-650x60.png 650w\" sizes=\"(max-width: 657px) 100vw, 657px\" \/>\t\t\t\t\t\t\t\t\t\t\t\t\t\t\t<\/div>\n\t\t\t\t<\/div>\n\t\t\t\t<\/div>\n\t\t<div class=\"elementor-element elementor-element-cbafd84 e-con-full e-flex e-con e-child\" data-id=\"cbafd84\" data-element_type=\"container\" data-e-type=\"container\">\n\t\t\t\t<div class=\"elementor-element elementor-element-07eefd1 elementor-widget__width-initial elementor-widget-mobile__width-inherit elementor-widget elementor-widget-text-editor\" data-id=\"07eefd1\" data-element_type=\"widget\" data-e-type=\"widget\" data-widget_type=\"text-editor.default\">\n\t\t\t\t<div class=\"elementor-widget-container\">\n\t\t\t\t\t\t\t\t\t<p>Die Firma Tamoza Trading Ltd wurde am 13. Oktober 2000 Der Hauptsitz des Unternehmens befindet sich in Nikosia, Zypern, w\u00e4hrend wir Repr\u00e4sentanzen in Belgrad (Serbien), Moskau (Russland), Kiew und Reni (Ukraine) haben.<\/p>\t\t\t\t\t\t\t\t<\/div>\n\t\t\t\t<\/div>\n\t\t\t\t<div class=\"elementor-element elementor-element-bba6c96 elementor-widget__width-initial elementor-widget-mobile__width-inherit elementor-widget elementor-widget-text-editor\" data-id=\"bba6c96\" data-element_type=\"widget\" data-e-type=\"widget\" data-widget_type=\"text-editor.default\">\n\t\t\t\t<div class=\"elementor-widget-container\">\n\t\t\t\t\t\t\t\t\t<p>In 25 Jahren Gesch\u00e4ftst\u00e4tigkeit in mehreren europ\u00e4ischen L\u00e4ndern haben wir das Vertrauen einer beneidenswerten Anzahl weltbekannter Marken gewonnen.<\/p><p>Darunter sind: NIS \u2013 Naftna Industrija Srbije, HIP Petrohemija \u2013 Pan\u010devo, Jugopetrol \u2013 Belgrad, Daxin Petroleum Pte Ltd \u2013 Singapur\/London, EVO Petrochemical Pte Ltd Singapur, NIS \u2013 Naftagas promet Novi Sad, MOL, Vitol, IPCO \u2013 Genf, Petrobart \u2013 London\/Belgrad und viele andere.<\/p>\t\t\t\t\t\t\t\t<\/div>\n\t\t\t\t<\/div>\n\t\t\t\t<div class=\"elementor-element elementor-element-220684d elementor-widget elementor-widget-freightexpress_core_button\" data-id=\"220684d\" data-element_type=\"widget\" data-e-type=\"widget\" data-widget_type=\"freightexpress_core_button.default\">\n\t\t\t\t<div class=\"elementor-widget-container\">\n\t\t\t\t\t<a class=\"qodef-shortcode qodef-m qodef-button qodef-layout--filled qodef-show-button-arrow--yes qodef-html--link\" href=\"https:\/\/www.tamoza.com\/de\/#dienstleistungen\" target=\"_self\" >\n\t<span class=\"qodef-m-text\" data-title=\"Dienstleistungen\">Dienstleistungen<\/span>\n            <span class=\"qodef-btn-arrow\"><svg class=\"qodef-svg--button-arrow-standard\" xmlns=\"http:\/\/www.w3.org\/2000\/svg\" width=\"18.476\" height=\"18.044\" viewBox=\"0 0 18.476 18.044\"><g transform=\"translate(9.007 0.992) rotate(45)\"><path d=\"M0,11.312,11.377,0\" transform=\"translate(0 0.011)\" fill=\"none\" stroke=\"currentColor\" stroke-width=\"2\"\/><path d=\"M8.466,8.661V0H0\" transform=\"translate(2.925 0)\" fill=\"none\" stroke=\"currentColor\" stroke-width=\"2\"\/><\/g><\/svg><\/span>\n    <\/a>\n\t\t\t\t<\/div>\n\t\t\t\t<\/div>\n\t\t\t\t<\/div>\n\t\t\t\t<\/div>\n\t\t<div class=\"elementor-element elementor-element-61f3e84 e-con-full qodef-elementor-content-grid e-flex e-con e-parent\" data-id=\"61f3e84\" data-element_type=\"container\" data-e-type=\"container\">\n\t\t\t\t<div class=\"elementor-element elementor-element-a68c128 elementor-widget elementor-widget-freightexpress_core_section_title\" data-id=\"a68c128\" data-element_type=\"widget\" data-e-type=\"widget\" data-widget_type=\"freightexpress_core_section_title.default\">\n\t\t\t\t<div class=\"elementor-widget-container\">\n\t\t\t\t\t<div class=\"qodef-shortcode qodef-m qodef-section-title qodef-alignment--left\">\n    \t\t<h3 class=\"qodef-m-title\" >\n\t\t\tUnsere Kunden\t<\/h3>\n\t    <\/div>\n\t\t\t\t<\/div>\n\t\t\t\t<\/div>\n\t\t\t\t<\/div>\n\t\t<div class=\"elementor-element elementor-element-ef0047b e-con-full e-flex e-con e-parent\" data-id=\"ef0047b\" data-element_type=\"container\" data-e-type=\"container\" data-settings=\"{&quot;background_background&quot;:&quot;classic&quot;}\">\n\t\t\t\t<div class=\"elementor-element elementor-element-c123c3d elementor-widget elementor-widget-qi_addons_for_elementor_clients_list\" data-id=\"c123c3d\" data-element_type=\"widget\" data-e-type=\"widget\" data-widget_type=\"qi_addons_for_elementor_clients_list.default\">\n\t\t\t\t<div class=\"elementor-widget-container\">\n\t\t\t\t\t<div class=\"qodef-shortcode qodef-m qodef-qi-clients-list qodef-border--all qodef-qi-grid qodef-layout--qi-columns qodef-col-num--4 qodef-responsive--custom qodef-col-num--1680--4 qodef-col-num--1440--4 qodef-col-num--1366--4 qodef-col-num--1024--4 qodef-col-num--768--4 qodef-col-num--680--3 qodef-col-num--480--3\">\n\t<div class=\"qodef-grid-inner\">\n\t\t<div class=\"qodef-e qodef-grid-item\">\n\t<div class=\"qodef-e-inner\">\n\t\t\t\t<div class=\"qodef-e-images-holder\">\n\t\t\t\t\t\t\t<div class=\"qodef-e-main-image\">\n\t\t\t\t\t<img loading=\"lazy\" decoding=\"async\" src=\"https:\/\/www.tamoza.com\/wp-content\/uploads\/2024\/04\/daxin-petroleum-240x180-1-120x90.jpg\" alt=\"\" width=\"120\" height=\"90\" \/>\t\t\t\t<\/div>\n\t\t\t\t\t\t\t\t<\/div>\n\t\t\t\t\t\t\t\t\t<\/div>\n<\/div>\n<div class=\"qodef-e qodef-grid-item\">\n\t<div class=\"qodef-e-inner\">\n\t\t\t\t<div class=\"qodef-e-images-holder\">\n\t\t\t\t\t\t\t<div class=\"qodef-e-main-image\">\n\t\t\t\t\t<img loading=\"lazy\" decoding=\"async\" src=\"https:\/\/www.tamoza.com\/wp-content\/uploads\/2025\/05\/jp-logo-240x180-1-120x90.jpg\" alt=\"\" width=\"120\" height=\"90\" \/>\t\t\t\t<\/div>\n\t\t\t\t\t\t\t\t<\/div>\n\t\t\t\t\t\t\t\t\t<\/div>\n<\/div>\n<div class=\"qodef-e qodef-grid-item\">\n\t<div class=\"qodef-e-inner\">\n\t\t\t\t<div class=\"qodef-e-images-holder\">\n\t\t\t\t\t\t\t<div class=\"qodef-e-main-image\">\n\t\t\t\t\t<img loading=\"lazy\" decoding=\"async\" src=\"https:\/\/www.tamoza.com\/wp-content\/uploads\/2025\/05\/mol-logo-240x180-1-120x90.jpg\" alt=\"\" width=\"120\" height=\"90\" \/>\t\t\t\t<\/div>\n\t\t\t\t\t\t\t\t<\/div>\n\t\t\t\t\t\t\t\t\t<\/div>\n<\/div>\n<div class=\"qodef-e qodef-grid-item\">\n\t<div class=\"qodef-e-inner\">\n\t\t\t\t<div class=\"qodef-e-images-holder\">\n\t\t\t\t\t\t\t<div class=\"qodef-e-main-image\">\n\t\t\t\t\t<img loading=\"lazy\" decoding=\"async\" src=\"https:\/\/www.tamoza.com\/wp-content\/uploads\/2025\/05\/nis-logo-240x180-1-120x90.jpg\" alt=\"\" width=\"120\" height=\"90\" \/>\t\t\t\t<\/div>\n\t\t\t\t\t\t\t\t<\/div>\n\t\t\t\t\t\t\t\t\t<\/div>\n<\/div>\n<div class=\"qodef-e qodef-grid-item\">\n\t<div class=\"qodef-e-inner\">\n\t\t\t\t<div class=\"qodef-e-images-holder\">\n\t\t\t\t\t\t\t<div class=\"qodef-e-main-image\">\n\t\t\t\t\t<img loading=\"lazy\" decoding=\"async\" src=\"https:\/\/www.tamoza.com\/wp-content\/uploads\/2025\/05\/petrobart-logo-240x180-1-120x90.jpg\" alt=\"\" width=\"120\" height=\"90\" \/>\t\t\t\t<\/div>\n\t\t\t\t\t\t\t\t<\/div>\n\t\t\t\t\t\t\t\t\t<\/div>\n<\/div>\n<div class=\"qodef-e qodef-grid-item\">\n\t<div class=\"qodef-e-inner\">\n\t\t\t\t<div class=\"qodef-e-images-holder\">\n\t\t\t\t\t\t\t<div class=\"qodef-e-main-image\">\n\t\t\t\t\t<img loading=\"lazy\" decoding=\"async\" src=\"https:\/\/www.tamoza.com\/wp-content\/uploads\/2025\/05\/petrohemija-logo-240x180-1-120x90.jpg\" alt=\"\" width=\"120\" height=\"90\" \/>\t\t\t\t<\/div>\n\t\t\t\t\t\t\t\t<\/div>\n\t\t\t\t\t\t\t\t\t<\/div>\n<\/div>\n<div class=\"qodef-e qodef-grid-item\">\n\t<div class=\"qodef-e-inner\">\n\t\t\t\t<div class=\"qodef-e-images-holder\">\n\t\t\t\t\t\t\t<div class=\"qodef-e-main-image\">\n\t\t\t\t\t<img loading=\"lazy\" decoding=\"async\" src=\"https:\/\/www.tamoza.com\/wp-content\/uploads\/2025\/05\/vitol-logo-240x180-1-120x90.jpg\" alt=\"\" width=\"120\" height=\"90\" \/>\t\t\t\t<\/div>\n\t\t\t\t\t\t\t\t<\/div>\n\t\t\t\t\t\t\t\t\t<\/div>\n<\/div>\n<div class=\"qodef-e qodef-grid-item\">\n\t<div class=\"qodef-e-inner\">\n\t\t\t\t<div class=\"qodef-e-images-holder\">\n\t\t\t\t\t\t\t<div class=\"qodef-e-main-image\">\n\t\t\t\t\t<img loading=\"lazy\" decoding=\"async\" src=\"https:\/\/www.tamoza.com\/wp-content\/uploads\/2025\/05\/evo-logo-120x90.jpg\" alt=\"\" width=\"120\" height=\"90\" \/>\t\t\t\t<\/div>\n\t\t\t\t\t\t\t\t<\/div>\n\t\t\t\t\t\t\t\t\t<\/div>\n<\/div>\n<div class=\"qodef-e qodef-grid-item\">\n\t<div class=\"qodef-e-inner\">\n\t\t\t\t<div class=\"qodef-e-images-holder\">\n\t\t\t\t\t\t\t<div class=\"qodef-e-main-image\">\n\t\t\t\t\t<img loading=\"lazy\" decoding=\"async\" src=\"https:\/\/www.tamoza.com\/wp-content\/uploads\/2025\/05\/jrb-logo-120x90.jpg\" alt=\"\" width=\"120\" height=\"90\" \/>\t\t\t\t<\/div>\n\t\t\t\t\t\t\t\t<\/div>\n\t\t\t\t\t\t\t\t\t<\/div>\n<\/div>\n<div class=\"qodef-e qodef-grid-item\">\n\t<div class=\"qodef-e-inner\">\n\t\t\t\t<div class=\"qodef-e-images-holder\">\n\t\t\t\t\t\t\t<div class=\"qodef-e-main-image\">\n\t\t\t\t\t<img loading=\"lazy\" decoding=\"async\" src=\"https:\/\/www.tamoza.com\/wp-content\/uploads\/2025\/05\/ds-logo-120x90.jpg\" alt=\"\" width=\"120\" height=\"90\" \/>\t\t\t\t<\/div>\n\t\t\t\t\t\t\t\t<\/div>\n\t\t\t\t\t\t\t\t\t<\/div>\n<\/div>\n<div class=\"qodef-e qodef-grid-item\">\n\t<div class=\"qodef-e-inner\">\n\t\t\t\t<div class=\"qodef-e-images-holder\">\n\t\t\t\t\t\t\t<div class=\"qodef-e-main-image\">\n\t\t\t\t\t<img loading=\"lazy\" decoding=\"async\" src=\"https:\/\/www.tamoza.com\/wp-content\/uploads\/2025\/05\/rubikon-120x90.jpg\" alt=\"\" width=\"120\" height=\"90\" \/>\t\t\t\t<\/div>\n\t\t\t\t\t\t\t\t<\/div>\n\t\t\t\t\t\t\t\t\t<\/div>\n<\/div>\n\t<\/div>\n<\/div>\n\t\t\t\t<\/div>\n\t\t\t\t<\/div>\n\t\t\t\t<\/div>\n\t\t\t\t<\/div>\n\t\t","protected":false},"excerpt":{"rendered":"<p>Erfahrung und Zuverl\u00e4ssigkeit Erfahrung und Zuverl\u00e4ssigkeit. Die Firma Tamoza Trading Ltd wurde am 13. Oktober 2000 Der Hauptsitz des Unternehmens befindet sich in Nikosia, Zypern, w\u00e4hrend wir Repr\u00e4sentanzen in Belgrad (Serbien), Moskau (Russland), Kiew und Reni (Ukraine) haben. In 25 Jahren Gesch\u00e4ftst\u00e4tigkeit in mehreren europ\u00e4ischen L\u00e4ndern haben wir das Vertrauen einer beneidenswerten Anzahl weltbekannter Marken [&hellip;]<\/p>\n","protected":false},"author":1,"featured_media":0,"parent":0,"menu_order":2,"comment_status":"closed","ping_status":"closed","template":"page-full-width.php","meta":{"footnotes":""},"class_list":["post-7078","page","type-page","status-publish","hentry"],"_links":{"self":[{"href":"https:\/\/www.tamoza.com\/de\/wp-json\/wp\/v2\/pages\/7078","targetHints":{"allow":["GET"]}}],"collection":[{"href":"https:\/\/www.tamoza.com\/de\/wp-json\/wp\/v2\/pages"}],"about":[{"href":"https:\/\/www.tamoza.com\/de\/wp-json\/wp\/v2\/types\/page"}],"author":[{"embeddable":true,"href":"https:\/\/www.tamoza.com\/de\/wp-json\/wp\/v2\/users\/1"}],"replies":[{"embeddable":true,"href":"https:\/\/www.tamoza.com\/de\/wp-json\/wp\/v2\/comments?post=7078"}],"version-history":[{"count":16,"href":"https:\/\/www.tamoza.com\/de\/wp-json\/wp\/v2\/pages\/7078\/revisions"}],"predecessor-version":[{"id":7315,"href":"https:\/\/www.tamoza.com\/de\/wp-json\/wp\/v2\/pages\/7078\/revisions\/7315"}],"wp:attachment":[{"href":"https:\/\/www.tamoza.com\/de\/wp-json\/wp\/v2\/media?parent=7078"}],"curies":[{"name":"wp","href":"https:\/\/api.w.org\/{rel}","templated":true}]}}